{"id":221,"date":"2014-08-07T15:12:45","date_gmt":"2014-08-07T15:12:45","guid":{"rendered":"http:\/\/www.argamannen.se\/?page_id=221"},"modified":"2025-04-11T18:13:32","modified_gmt":"2025-04-11T18:13:32","slug":"valkommen-till-arga-mannen","status":"publish","type":"page","link":"https:\/\/www.argamannen.se\/?page_id=221","title":{"rendered":"Sk\u00e5despeleri"},"content":{"rendered":"\n<figure class=\"wp-block-embed is-type-video is-provider-youtube wp-block-embed-youtube wp-embed-aspect-16-9 wp-has-aspect-ratio\"><div class=\"wp-block-embed__wrapper\">\n<iframe title=\"Thomas Gjutaren\u00e4fve Showreel 2020\" width=\"600\" height=\"338\" src=\"https:\/\/www.youtube.com\/embed\/auqarCIMe0Y?feature=oembed\" frameborder=\"0\" allow=\"accelerometer; autoplay; clipboard-write; encrypted-media; gyroscope; picture-in-picture; web-share\" referrerpolicy=\"strict-origin-when-cross-origin\" allowfullscreen><\/iframe>\n<\/div><\/figure>\n\n\n\n<p>Sk\u00e5despelarutbildad vid Kulturama och Cinemantrix i Stockholm. Dessutom \u00e4ven civil- och nationalekonom fr\u00e5n Lunds Universitet.<\/p>\n\n\n\n<p>Under 2020 agerar jag i en mindre biroll p\u00e5 Dramatens stora scen, i R\u00f6de Orm, som Kung Sven Tvesk\u00e4gg. Det \u00e4r tredje g\u00e5ngen jag \u00e4r p\u00e5 Dramaten .<\/p>\n\n\n\n<figure class=\"wp-block-image\"><img decoding=\"async\" src=\"https:\/\/www.argamannen.se\/wp-content\/uploads\/2020\/10\/20200617_103036-567x1024.jpg\" alt=\"Denna bild har ett alt-attribut som \u00e4r tomt. Dess filnamn \u00e4r 20200617_103036-567x1024.jpg\"\/><\/figure>\n\n\n\n<p><\/p>\n\n\n\n<p>Sven Tvesk\u00e4gg p\u00e5 Dramatens stora scen 2020<\/p>\n\n\n\n<figure class=\"wp-block-image\"><img decoding=\"async\" src=\"https:\/\/www.argamannen.se\/wp-content\/uploads\/2020\/10\/Dramaten-2018.jpg\" alt=\"Denna bild har ett alt-attribut som \u00e4r tomt. Dess filnamn \u00e4r Dramaten-2018.jpg\"\/><\/figure>\n\n\n\n<p><\/p>\n\n\n\n<p>Tartuffes uteliggarkompis p\u00e5 Dramatens stora scen 2018-2019<\/p>\n\n\n\n<figure class=\"wp-block-image\"><img decoding=\"async\" src=\"https:\/\/www.argamannen.se\/wp-content\/uploads\/2020\/10\/11949448_809058785858126_2142137521971422130_n.jpg\" alt=\"Denna bild har ett alt-attribut som \u00e4r tomt. Dess filnamn \u00e4r 11949448_809058785858126_2142137521971422130_n.jpg\"\/><\/figure>\n\n\n\n<p><\/p>\n\n\n\n<p>Vaktchefen i Maria Stuart p\u00e5 Dramatens stora scen 2015-2016<\/p>\n\n\n\n<p>I TV-serien Leif &amp; Billy har jag varit med under tre s\u00e4songer (2017-2021), som Maffialedaren &#8221;Damp-Janne&#8221;.<\/p>\n\n\n\n<figure class=\"wp-block-image\"><img decoding=\"async\" src=\"https:\/\/www.argamannen.se\/wp-content\/uploads\/2020\/10\/Damp-Janne-1005x1024.jpg\" alt=\"Denna bild har ett alt-attribut som \u00e4r tomt. Dess filnamn \u00e4r Damp-Janne-1005x1024.jpg\"\/><\/figure>\n\n\n\n<p><\/p>\n\n\n\n<figure class=\"wp-block-image\"><img decoding=\"async\" src=\"https:\/\/www.argamannen.se\/wp-content\/uploads\/2020\/10\/20200615_165837-737x1024.jpg\" alt=\"Denna bild har ett alt-attribut som \u00e4r tomt. Dess filnamn \u00e4r 20200615_165837-737x1024.jpg\"\/><\/figure>\n\n\n\n<p><\/p>\n\n\n\n<p>Tv\u00e5 TV-reklamroller snurrar samtidigt p\u00e5 TV (Kaboo Casino), tillsammans med legenden Lance Henriksen),<\/p>\n\n\n\n<figure class=\"wp-block-image\"><img decoding=\"async\" src=\"https:\/\/www.argamannen.se\/wp-content\/uploads\/2020\/10\/20170226_161453-1024x768.jpg\" alt=\"Denna bild har ett alt-attribut som \u00e4r tomt. Dess filnamn \u00e4r 20170226_161453-1024x768.jpg\"\/><\/figure>\n\n\n\n<p><\/p>\n\n\n\n<p>2018 medverkade jag \u00e4ven som &#8221;pappa&#8221; i Johan Petterssons TV-serie &#8221;Helt Perfekt&#8221;.<\/p>\n\n\n\n<figure class=\"wp-block-image\"><img decoding=\"async\" src=\"https:\/\/www.argamannen.se\/wp-content\/uploads\/2020\/10\/Helt-perfekt-2018-bild-Pettersson.jpg\" alt=\"Denna bild har ett alt-attribut som \u00e4r tomt. Dess filnamn \u00e4r Helt-perfekt-2018-bild-Pettersson.jpg\"\/><\/figure>\n\n\n\n<p><\/p>\n\n\n\n<p>H\u00f6sten 2016 kom filmen &#8221;Silent Lips&#8221; ut. H\u00e4r spelade jag en homosexuell kallblodig m\u00f6rdare och v\u00e5ldt\u00e4ktsman,&nbsp; som agerar med ett fulltankat ursinne.<\/p>\n\n\n\n<figure class=\"wp-block-image\"><img fetchpriority=\"high\" decoding=\"async\" width=\"210\" height=\"300\" src=\"https:\/\/www.argamannen.se\/wp-content\/uploads\/2020\/10\/12404967_10153355078541089_1782170466_o-210x300.jpg\" alt=\"\" class=\"wp-image-727\" srcset=\"https:\/\/www.argamannen.se\/wp-content\/uploads\/2020\/10\/12404967_10153355078541089_1782170466_o-210x300.jpg 210w, https:\/\/www.argamannen.se\/wp-content\/uploads\/2020\/10\/12404967_10153355078541089_1782170466_o-717x1024.jpg 717w, https:\/\/www.argamannen.se\/wp-content\/uploads\/2020\/10\/12404967_10153355078541089_1782170466_o-768x1097.jpg 768w, https:\/\/www.argamannen.se\/wp-content\/uploads\/2020\/10\/12404967_10153355078541089_1782170466_o-1075x1536.jpg 1075w, https:\/\/www.argamannen.se\/wp-content\/uploads\/2020\/10\/12404967_10153355078541089_1782170466_o-35x50.jpg 35w, https:\/\/www.argamannen.se\/wp-content\/uploads\/2020\/10\/12404967_10153355078541089_1782170466_o.jpg 1200w\" sizes=\"(max-width: 210px) 100vw, 210px\" \/><\/figure>\n\n\n\n<p><\/p>\n\n\n\n<p>Under \u00e5ren har jag varit med i massor med &#8221;gameshows&#8221; typ Waterw\u00f6rld (Arga Mannen), Wipeeout i Argentina (H\u00e5riga Mannen) samt satt min pr\u00e4gel som &#8221;Arga Mannen&#8221; i Sveriges v\u00e4rsta bilf\u00f6rare 2012 och 2016 (sk\u00e5depelare &#8211; psykopat som skr\u00e4mmer alla bilf\u00f6rare)<\/p>\n\n\n\n<figure class=\"wp-block-image\"><img decoding=\"async\" src=\"https:\/\/www.argamannen.se\/wp-content\/uploads\/2020\/10\/Sv-varsta-bilforare-2016-1024x508.jpg\" alt=\"Denna bild har ett alt-attribut som \u00e4r tomt. Dess filnamn \u00e4r Sv-varsta-bilforare-2016-1024x508.jpg\"\/><\/figure>\n\n\n\n<p><\/p>\n\n\n<p><iframe title=\"TV Show Arga Mannen - Thomas Gjutaren\u00e4fve\" src=\"https:\/\/player.vimeo.com\/video\/216814648?dnt=1&amp;app_id=122963\" width=\"600\" height=\"338\" frameborder=\"0\" allow=\"autoplay; fullscreen; picture-in-picture; clipboard-write; encrypted-media\"><\/iframe><\/p>\n\n\n\n<p>2017 och 2018 medverkade jag flitigt i tv\u00e5 TV-reklamer: Randstad (inkompetent kopiatorreparat\u00f6r).<\/p>\n\n\n\n<figure class=\"wp-block-image\"><img decoding=\"async\" src=\"https:\/\/www.argamannen.se\/wp-content\/uploads\/2020\/10\/Reklam-20072018-1024x575.jpg\" alt=\"Denna bild har ett alt-attribut som \u00e4r tomt. Dess filnamn \u00e4r Reklam-20072018-1024x575.jpg\"\/><\/figure>\n\n\n\n<p><\/p>\n\n\n\n<p>I Kaboo Casino spelade jag mot Lance Henriksen (fr\u00e5n bl.a Alien).<\/p>\n\n\n<p><iframe title=\"TV reklam 2007 - 2017 &quot; Thomas Gjutaren\u00e4fve\" src=\"https:\/\/player.vimeo.com\/video\/215404769?dnt=1&amp;app_id=122963\" width=\"600\" height=\"338\" frameborder=\"0\" allow=\"autoplay; fullscreen; picture-in-picture; clipboard-write; encrypted-media\"><\/iframe><\/p>\n\n\n\n<p>2017 medverkade jag ocks\u00e5 i ett antal intressanta kortfilmer, som elak karakt\u00e4r. En del med s\u00e5 oerh\u00f6rt m\u00f6rkt eller brutalt inneh\u00e5ll, s\u00e5som Tiny Soprano samt R\u00e5kvandraren. Riktigt m\u00f6rka filmer, vilket passar mig perfekt.<\/p>\n\n\n<p><a href=\"https:\/\/vimeo.com\/217900048\">https:\/\/vimeo.com\/217900048<\/a><\/p>\n\n\n\n<p>Sedan 2007 har jag haft en \u00e5rlig huvudkarakt\u00e4r i n\u00e5gon TV-reklam samt dessutom som sk\u00e5despelare i kortare filmer.<\/p>\n\n\n\n<figure class=\"wp-block-image\"><img decoding=\"async\" src=\"https:\/\/www.argamannen.se\/wp-content\/uploads\/2020\/10\/Bjorkhagen-gangster-200321-1024x796.jpg\" alt=\"Denna bild har ett alt-attribut som \u00e4r tomt. Dess filnamn \u00e4r Bjorkhagen-gangster-200321-1024x796.jpg\"\/><\/figure>\n\n\n\n<p><\/p>\n\n\n\n<p>Se \u00e4ven mina filmuppdrag:<\/p>\n\n\n\n<p>Film-CV:&nbsp; <a href=\"https:\/\/www.filmcafe.se\/skadespelare\/peterpan\">Filmcafe<\/a><br>\nImdb:&nbsp;<a href=\"https:\/\/www.imdb.com\/name\/nm5453172\/?ref_=pro_nm_visitconsImdb\">https:\/\/www.imdb.com\/name\/nm5453172\/?ref_=pro_nm_visitconsImdb<\/a><\/p>\n\n\n\n<p>F\u00f6r kontakt<\/p>\n\n\n\n<p>Thomas Gjutaren\u00e4fve<\/p>\n\n\n\n<p><a href=\"mailto:argamannen@argamannen.se\">argamannen@argamannen.se<\/a><\/p>\n\n\n\n<p>Mobile +46 725595900<\/p>\n\n\n\n<p><\/p>\n","protected":false},"excerpt":{"rendered":"<p>Sk\u00e5despelarutbildad vid Kulturama och Cinemantrix i Stockholm. Dessutom \u00e4ven civil- och nationalekonom fr\u00e5n Lunds Universitet. Under 2020 agerar jag i en mindre biroll p\u00e5 Dramatens stora scen, i R\u00f6de Orm, som Kung Sven Tvesk\u00e4gg. Det \u00e4r tredje g\u00e5ngen jag \u00e4r p\u00e5 Dramaten . Sven Tvesk\u00e4gg p\u00e5 Dramatens stora scen 2020 Tartuffes uteliggarkompis p\u00e5 Dramatens stora [&hellip;]<\/p>\n","protected":false},"author":1,"featured_media":0,"parent":0,"menu_order":0,"comment_status":"closed","ping_status":"closed","template":"","meta":{"footnotes":""},"class_list":["post-221","page","type-page","status-publish","hentry"],"_links":{"self":[{"href":"https:\/\/www.argamannen.se\/index.php?rest_route=\/wp\/v2\/pages\/221","targetHints":{"allow":["GET"]}}],"collection":[{"href":"https:\/\/www.argamannen.se\/index.php?rest_route=\/wp\/v2\/pages"}],"about":[{"href":"https:\/\/www.argamannen.se\/index.php?rest_route=\/wp\/v2\/types\/page"}],"author":[{"embeddable":true,"href":"https:\/\/www.argamannen.se\/index.php?rest_route=\/wp\/v2\/users\/1"}],"replies":[{"embeddable":true,"href":"https:\/\/www.argamannen.se\/index.php?rest_route=%2Fwp%2Fv2%2Fcomments&post=221"}],"version-history":[{"count":43,"href":"https:\/\/www.argamannen.se\/index.php?rest_route=\/wp\/v2\/pages\/221\/revisions"}],"predecessor-version":[{"id":1015,"href":"https:\/\/www.argamannen.se\/index.php?rest_route=\/wp\/v2\/pages\/221\/revisions\/1015"}],"wp:attachment":[{"href":"https:\/\/www.argamannen.se\/index.php?rest_route=%2Fwp%2Fv2%2Fmedia&parent=221"}],"curies":[{"name":"wp","href":"https:\/\/api.w.org\/{rel}","templated":true}]}}